{"id":875,"date":"2019-01-29T21:17:16","date_gmt":"2019-01-29T21:17:16","guid":{"rendered":"https:\/\/iiba.si\/workshops\/?page_id=875"},"modified":"2025-10-20T14:24:23","modified_gmt":"2025-10-20T14:24:23","slug":"od-podatkov-do-vrednosti","status":"publish","type":"page","link":"https:\/\/iiba.si\/workshops\/vstopna\/od-podatkov-do-vrednosti\/","title":{"rendered":"Od podatkov do vrednosti"},"content":{"rendered":"\n<h2 class=\"wp-block-heading\"><strong>Kako najhitreje priti do informacij in do vrednosti v \u00bbdobi stranke\u00ab?<\/strong><\/h2>\n\n\n\n<p>V tako imenovani \u00bb<em>dobi stranke<\/em>\u00ab (kot jo imenuje Forrester Research), se je pojavila potreba po novem pristopu k na\u010drtovanju in izvedbi projektov BI in poslovne analitike. Mo\u010d odlo\u010danja, kako bo podjetje pridobilo ali izgubilo posel se je preusmerilo v roke digitalno okrepljenih kupcev. Kupci, oboro\u017eeni z mobilnimi telefoni in vseprisotnim dostopom do obla\u010dnih storitev lahko zdaj v trenutku izvedejo nakup &#8211; vse s klikom na gumb na njihovi mobilni napravi. To pomeni, da sta pridobivanje in ohranjanje kupcev najpomembnej\u0161a poslovna prednostna naloga, prav tako pa se lahko skoraj nemudoma odzovemo na stalno spreminjajo\u010de se zahteve kupcev in ustvarjamo nove konkuren\u010dne razlike. Podjetja lahko uspevajo samo zaradi vse hitrej\u0161ih sprememb in dinamike, ki je podprta z agilnostjo informacij in procesov. Toda kaj to pomeni za poslovne in IT strokovnjake, ki delajo na pobudah poslovne analitike in BI? <br><\/p>\n\n\n\n<p>&#8220;<em>Ustvarjanje vrednosti je razlog za obstoj organizacije (raison d&#8217;etre), kon\u010dni kazalnik, s katerim se ta presoja.<\/em>&#8221; <br>&#8211; The Economist<\/p>\n\n\n\n<h3 class=\"wp-block-heading\" id=\"za_koga\"><strong>Glavni&nbsp;poudarki&nbsp;delavnice<\/strong><\/h3>\n\n\n<p><!--EndFragment-->Delavnica se osredoto\u010da kako najhitreje priti od podatka do informacij in od informacij do vrednosti. Pri tem vseskozi sledimo principu, da je danes potreba po tako imenovanemu Hiper BI, ki ima lastnosti da je:<\/p>\n<ul>\n<li>Odziven \u2013 sposobnost hitrega odziva in reakcije (usmerjen v uporabnika &#8211; Ux).<\/li>\n<li>Agilen \u2013 sposobnost hitrega in enostavnega prilagajanja (usmerjen v procese).<\/li>\n<li>Fleksibilen \u2013 sposobnost sprejemanja spreminjajo\u010dih se zahtev (tehnolo\u0161ko usmerjen).<\/li>\n<\/ul>\n\n\n<h3 class=\"wp-block-heading\" id=\"za_koga\"><strong>Komu je delavnica namenjena?<\/strong><\/h3>\n\n\n\n<ul class=\"wp-block-list\">\n<li>Vodjem digitalnega poslovanja in vodjem IT<\/li>\n\n\n\n<li>Projektnim vodjem zadol\u017eenim AI za BI projekte<\/li>\n\n\n\n<li>Vodjem oddelkov in odlo\u010devalcem<\/li>\n\n\n\n<li>Podatkovnim analitikom<\/li>\n\n\n\n<li>Poslovnim analitikom<\/li>\n<\/ul>\n\n\n\n<h3 class=\"wp-block-heading\" id=\"kaj_pridobite\"><strong>Zakaj te delavnice zares ne smete zamuditi<\/strong><\/h3>\n\n\n\n<ul class=\"wp-block-list\">\n<li>Ker se zavedate da je hiter odziv na spremembe in hitrost prilagajanja klju\u010dnega pomena za vsako organizacijo.<\/li>\n\n\n\n<li>Ker veste da le prave informacije lahko ustvarjajo prave vrednosti njihovim uporabnikom.<\/li>\n\n\n\n<li>Ker \u017eelite re\u0161itve na\u010drtovati hitro in u\u010dinkovito v zadovoljstvo vseh uporabnikov.<\/li>\n<\/ul>\n\n\n\n<h3 class=\"wp-block-heading\"><strong>Kratek opis delavnice (vsebina)<\/strong><\/h3>\n\n\n\n<p>Udele\u017eenci bodo tekom prakti\u010dnih vaj na delavnici sledili toku od podatka do informacije in do vrednosti in pri tem sledili osnovnim principom \u00bbhiper\u00ab razvoja re\u0161itev poslovne inteligence (BI) in podatkovne analitike. V potovanju od podatka do vrednosti bomo naslavljali naslednja podro\u010dja:<br>&#8211; Opredelitev poslovne potrebe<br>&#8211; Definiranje vrednosti, ki jih i\u0161\u010demo<br>&#8211; Razumevanje podatkov, ki jih imamo na voljo<br>&#8211; Usmerjenost (fokus) v kupca<br>&#8211; Merjenje uspeha projekta<br>&#8211; \u010ce pride neuspeh naj bo hiter in varen<\/p>\n\n\n\n<h3 class=\"wp-block-heading\"><strong>Metode dela (potek dela)<\/strong><\/h3>\n\n\n\n<p>Delavnico izvajamo v skladu z osnovnim IIBA (International Institute of Business Analysis) poslovno analiti\u010dnim modelom BACCM(The Business Analysis Core Concept Model\u2122).<br>Pred vsako prakti\u010dno vajo podamo vsebinsko podlago, razlo\u017eimo tehniko in orodja (pripomo\u010dke), ki se bo uporabila v vsaki vaji, in vajo izvedemo. Delo poteka v skupinah.<\/p>\n\n\n\n<h3 class=\"wp-block-heading\"><strong>Predavatelj<\/strong><\/h3>\n\n\n\n<p><strong>Igor Smirnov<\/strong> ima ve\u010d kot 20 let izku\u0161enj z izvajanjem projektov, svetovanjem, u\u010denjem in usposabljanjem na podro\u010dju poslovne analize, podatkovnih znanosti in analize podatkov v telekomunikacijah, ban\u010dnem sektorju, trgovini, industrijski proizvodnji in farmaciji za globalna podjetja, kot so Novartis, Toyota, Pliva, A1, Pernod Ricard med mnogimi drugimi. Prav tako je  strokovnjak za re\u0161itve, ki se osredoto\u010dajo na kupce, zlasti v analizi podatkov za podporo programov zvestobe in vpogledov kupcev z uporabo napovedne analize in strojnega u\u010denja. Igorjeva strast je razumevanje mo\u010di podatkov in sprostitev njihovih potencialov v digitalno vodenih podjetjih in industriji 4.0.<\/p>\n\n\n\n<h3 class=\"wp-block-heading\"><strong>Lokacija in termin<\/strong><\/h3>\n\n\n\n<p>Termin bo razpisan v primeru ve\u010djega \u0161tevila prijav. Delavnico lahko izvedemo interno.<br>Delavnica predvidoma traja\u00a0 4 \u0161olske ure in jo lahko izvedemo v \u017eivo ali virtualno.<\/p>\n\n\n\n<h3 class=\"wp-block-heading\"><strong>Cena<\/strong><\/h3>\n\n\n\n<p>290 EUR + 22% DDV (cena velja za odprto izvedbo).<br><\/p>\n\n\n\n<h3 class=\"wp-block-heading\"><strong>Prijava<\/strong><\/h3>\n\n\n\n<p>Prijavite se lahko preko prijavnega obrazca na desni strani, ali na elektronski naslov: <a href=\"mailto:katarina.veselic@slovenia.iiba.org\">katarina.veselic@slovenia.iiba.org<\/a><\/p>\n\n\n\n<h3 class=\"wp-block-heading\"><strong>Ostale informacije<\/strong><\/h3>\n\n\n\n<p>Delavnico lahko izvedemo tudi v va\u0161em podjetju, prilagojeno va\u0161im izzivom in potrebam.<\/p>\n","protected":false},"excerpt":{"rendered":"<p>Kako najhitreje priti do informacij in do vrednosti v \u00bbdobi stranke\u00ab? V tako imenovani \u00bbdobi stranke\u00ab (kot jo imenuje Forrester Research), se je pojavila potreba po novem pristopu k na\u010drtovanju in izvedbi projektov BI in poslovne analitike. Mo\u010d odlo\u010danja, kako bo podjetje pridobilo ali izgubilo posel se je preusmerilo v roke digitalno okrepljenih kupcev. Kupci, [&hellip;]<\/p>\n","protected":false},"author":2,"featured_media":0,"parent":2,"menu_order":0,"comment_status":"closed","ping_status":"closed","template":"","meta":{"footnotes":""},"class_list":["post-875","page","type-page","status-publish","hentry"],"_links":{"self":[{"href":"https:\/\/iiba.si\/workshops\/wp-json\/wp\/v2\/pages\/875","targetHints":{"allow":["GET"]}}],"collection":[{"href":"https:\/\/iiba.si\/workshops\/wp-json\/wp\/v2\/pages"}],"about":[{"href":"https:\/\/iiba.si\/workshops\/wp-json\/wp\/v2\/types\/page"}],"author":[{"embeddable":true,"href":"https:\/\/iiba.si\/workshops\/wp-json\/wp\/v2\/users\/2"}],"replies":[{"embeddable":true,"href":"https:\/\/iiba.si\/workshops\/wp-json\/wp\/v2\/comments?post=875"}],"version-history":[{"count":32,"href":"https:\/\/iiba.si\/workshops\/wp-json\/wp\/v2\/pages\/875\/revisions"}],"predecessor-version":[{"id":2601,"href":"https:\/\/iiba.si\/workshops\/wp-json\/wp\/v2\/pages\/875\/revisions\/2601"}],"up":[{"embeddable":true,"href":"https:\/\/iiba.si\/workshops\/wp-json\/wp\/v2\/pages\/2"}],"wp:attachment":[{"href":"https:\/\/iiba.si\/workshops\/wp-json\/wp\/v2\/media?parent=875"}],"curies":[{"name":"wp","href":"https:\/\/api.w.org\/{rel}","templated":true}]}}