{"id":854,"date":"2019-01-29T20:52:23","date_gmt":"2019-01-29T20:52:23","guid":{"rendered":"https:\/\/iiba.si\/workshops\/?page_id=854"},"modified":"2025-10-20T14:09:20","modified_gmt":"2025-10-20T14:09:20","slug":"kako-do-user-experience-canvasa","status":"publish","type":"page","link":"https:\/\/iiba.si\/workshops\/vstopna\/kako-do-user-experience-canvasa\/","title":{"rendered":"Izdelava \u00bbSolution Design Canvasa\u00ab s pomo\u010djo LEGO\u00ae SERIOUS PLAY\u00ae metodologije"},"content":{"rendered":"\n<p class=\"has-text-align-center\"><strong>Modeliranje zahtev, problema in re\u0161itev, skozi razli\u010dne perspektive in uporabe tehnik!<\/strong><br><br>Poslovno analiti\u010dne tehnike za oblikovanje re\u0161itev II  <\/p>\n\n\n\n<p>Ve\u010dina razvojnih projektov (tako na podro\u010dju razvoja digitalnih IT re\u0161itev kot tudi namenskih produktov in izdelkov) se sre\u010duje s problemom dolo\u010danja prave potrebe (problema), optimalnega obsega projekta in re\u0161itve. Tu je pomembno obvladovanje samega poslovnega procesa, uporabnikove izku\u0161nje in definiranjem klju\u010dnih zahtev. Poslovna analiza nam omogo\u010da, da z uporabo razli\u010dnih tehnik hitro, u\u010dinkovito in uspe\u0161no pridemo do zasnove koncepta re\u0161itve. Sklop tehnik na delavnici je ravno zato zami\u0161ljen kot koncept \u00bbCanvasa\u00ab, ki enakomerno in strukturirano vodi udele\u017eence od zajema procesa, splo\u0161nega koncepta re\u0161itve do klju\u010dnih elementov v na\u010drtovanju in uporabi. Z namenom doseganja vi\u0161je stopnje kreativnosti, produktivnosti in usklajevanja bodo udele\u017eenci dolo\u010dene izzivi re\u0161evali z inovativno LEGO\u00ae SERIOUS PLAY\u00ae (LSP) metodo. <\/p>\n\n\n\n<figure class=\"wp-block-gallery has-nested-images columns-default is-cropped wp-block-gallery-1 is-layout-flex wp-block-gallery-is-layout-flex\">\n<figure class=\"wp-block-image size-large\"><img loading=\"lazy\" decoding=\"async\" width=\"840\" height=\"630\" data-id=\"1285\" src=\"https:\/\/iiba.si\/workshops\/wp-content\/uploads\/2019\/05\/IMG-1638-840x630.jpg\" alt=\"\" class=\"wp-image-1285\" srcset=\"https:\/\/iiba.si\/workshops\/wp-content\/uploads\/2019\/05\/IMG-1638-840x630.jpg 840w, https:\/\/iiba.si\/workshops\/wp-content\/uploads\/2019\/05\/IMG-1638-350x263.jpg 350w, https:\/\/iiba.si\/workshops\/wp-content\/uploads\/2019\/05\/IMG-1638-768x576.jpg 768w, https:\/\/iiba.si\/workshops\/wp-content\/uploads\/2019\/05\/IMG-1638-640x480.jpg 640w\" sizes=\"auto, (max-width: 840px) 100vw, 840px\" \/><\/figure>\n\n\n\n<figure class=\"wp-block-image size-large\"><img loading=\"lazy\" decoding=\"async\" width=\"840\" height=\"630\" data-id=\"1286\" src=\"https:\/\/iiba.si\/workshops\/wp-content\/uploads\/2019\/05\/IMG-1641-840x630.jpg\" alt=\"\" class=\"wp-image-1286\" srcset=\"https:\/\/iiba.si\/workshops\/wp-content\/uploads\/2019\/05\/IMG-1641-840x630.jpg 840w, https:\/\/iiba.si\/workshops\/wp-content\/uploads\/2019\/05\/IMG-1641-350x263.jpg 350w, https:\/\/iiba.si\/workshops\/wp-content\/uploads\/2019\/05\/IMG-1641-768x576.jpg 768w, https:\/\/iiba.si\/workshops\/wp-content\/uploads\/2019\/05\/IMG-1641-640x480.jpg 640w\" sizes=\"auto, (max-width: 840px) 100vw, 840px\" \/><\/figure>\n\n\n\n<figure class=\"wp-block-image size-large\"><img loading=\"lazy\" decoding=\"async\" width=\"840\" height=\"408\" data-id=\"1287\" src=\"https:\/\/iiba.si\/workshops\/wp-content\/uploads\/2019\/05\/IMG-1643-840x408.jpg\" alt=\"\" class=\"wp-image-1287\" srcset=\"https:\/\/iiba.si\/workshops\/wp-content\/uploads\/2019\/05\/IMG-1643-840x408.jpg 840w, https:\/\/iiba.si\/workshops\/wp-content\/uploads\/2019\/05\/IMG-1643-350x170.jpg 350w, https:\/\/iiba.si\/workshops\/wp-content\/uploads\/2019\/05\/IMG-1643-768x373.jpg 768w\" sizes=\"auto, (max-width: 840px) 100vw, 840px\" \/><\/figure>\n<\/figure>\n\n\n\n<h3 class=\"wp-block-heading\" id=\"za_koga\"><strong>Komu je delavnica namenjena?<\/strong><\/h3>\n\n\n\n<ul class=\"wp-block-list\">\n<li>Poslovnih analitikom, tehnologom<\/li>\n\n\n\n<li>Procesnim analitikom in specialistom<\/li>\n\n\n\n<li>Na\u010drtovalcem re\u0161itev, razvojnim in\u017eenirjem<\/li>\n\n\n\n<li>Vodjem razvojnih oddelkov<\/li>\n\n\n\n<li>Produktnim vodjem<\/li>\n\n\n\n<li>Projektnim vodjem <\/li>\n<\/ul>\n\n\n\n<h3 class=\"wp-block-heading\" id=\"kaj_pridobite\"><strong>Zakaj te delavnice zares ne smete zamuditi<\/strong><\/h3>\n\n\n\n<ul class=\"wp-block-list\">\n<li>Ker je dobro prvi\u010d narediti \u00bbprav\u00ab. Set prikazanih tehnik zajema dober \u00bbtoolkit\u00ab, kaj mora dober analitik vedeti in poznati v razvojno usmerjenih projektih.<\/li>\n\n\n\n<li>Ker bo na delavnici vklju\u010dena tudi zelo inovativna LEGO\u00ae SERIOUS PLAY\u00ae metoda, s katero udele\u017eenci pridejo do bolj konkretnih, vizualnih in otipljivih zaklju\u010dkov.<\/li>\n\n\n\n<li>Nau\u010dili se boste poslovno analiti\u010dnih tehnik za razpoznavanje procesov, dolo\u010ditev potreb in pripravo dobrih uporabni\u0161kih zahtev. Rezultati delavnice so tako takoj uporabljivi v va\u0161em poslovanju!<\/li>\n\n\n\n<li>Re\u0161itve boste na\u010drtovali hitreje in jih kon\u010dali v ve\u010dje zadovoljstvo in uporabnost kon\u010dnih uporabnikov.<\/li>\n\n\n\n<li>Ker \u017eelite pridobiti preizku\u0161ene na\u010dine uporabe znanj in tehnik, ki vsakemu posebej pomaga dvigniti raven razmi\u0161ljanja in sposobnosti re\u0161evanja problemov.<\/li>\n<\/ul>\n\n\n\n<h3 class=\"wp-block-heading\" id=\"kratek-opis-delavnice-vsebina\"><strong>Kratek opis delavnice (vsebina)<\/strong><\/h3>\n\n\n\n<p>Delavnica je namenjena prikazu in podpori za\u010detne faze razvoja re\u0161itve ali produkta. Udele\u017eence bo od za\u010detka do konca vodila pot po \u00bbSolution Design Canvasu\u00ab, ki nam bo slu\u017eil kot poligon za uporabo razli\u010dnih tehnik s specifi\u010dnim namenom analize potreb in na\u010drtovanja re\u0161itev za njih. V duhu medsebojne primerjave in dopolnjevanja bomo prikazali na\u010drtovanje vseh sestavnih delov re\u0161itve, pri \u010demer so eni usmerjeni v uporabni\u0161ki pogled, drugi pa v procesno-funkcionalni.  Vsaka posamezna vaja je prehodno podkrepljena s teoreti\u010dno osnovo in kratko refleksijo na BABOK in njegovo posamezno fazo poslovne analize. Pri dolo\u010denih fazah pa bodo na voljo LEGO kocke za bolj produktivno re\u0161evanje izzivov. <\/p>\n\n\n\n<p>Cilj uporabe LEGO\u00ae SERIOUS PLAY\u00ae pri poti skozi Solution Design Canvas  je pomagati podjetjem najti bolj\u0161e re\u0161itve na trenutne izzive, da ekipe skupaj delajo bolje, da vsi v ekipi doprinesejo na podro\u010djih, kjer so dobri in imajo dodano vrednost. <\/p>\n\n\n\n<p>Usmerjeni smo v iskanje kreativnih in konkretnih re\u0161itve za poslovne izzive, saj menimo, da je to bistvo metode LEGO\u00ae SERIOUS PLAY\u00ae in prav pri tem iskanju ta metoda najbolj pomaga.<\/p>\n\n\n\n<h3 class=\"wp-block-heading\" id=\"metode-dela-potek-dela\"><strong>Metode dela (potek dela)<\/strong><\/h3>\n\n\n\n<p>Delavnico izvajamo v skladu z osnovnim IIBA(International Institute of Business Analysis) poslovno analiti\u010dnim modelom BACCM (The Business Analysis Core Concept Model\u2122) in LEGO\u00ae SERIOUS PLAY\u00ae metodi.<br>Delavnica vsebuje sedem (7) sklopov vaj, povezanih s temeljnimi elementi BACCM  modela. Pred vsakim sklopom podamo vsebinsko podlago, razlo\u017eimo tehniko in orodja (pripomo\u010dke), ki se bo uporabila v vsaki vaji, in vajo izvedemo. Delo poteka v skupinah. Skupina si lahko izbere svoj primer re\u0161itve iz svojega poslovnega okolja. Rezultati delavnice so tako takoj uporabljivi v va\u0161em poslovanju.<\/p>\n\n\n\n<p>LEGO\u00ae SERIOUS PLAY\u00ae  metodologija omogo\u010da vsem, da sodelujejo, da dobijo jasno predstavo in sliko o tem, kako razmi\u0161ljajo drugi in da najdejo skupen pogled in re\u0161itve za trenutni izziv.<\/p>\n\n\n\n<figure class=\"wp-block-gallery has-nested-images columns-default is-cropped wp-block-gallery-2 is-layout-flex wp-block-gallery-is-layout-flex\">\n<figure class=\"wp-block-image size-large\"><img loading=\"lazy\" decoding=\"async\" width=\"840\" height=\"630\" data-id=\"1291\" src=\"https:\/\/iiba.si\/workshops\/wp-content\/uploads\/2019\/05\/2019-04-17-12.28.59-840x630.jpg\" alt=\"\" class=\"wp-image-1291\" srcset=\"https:\/\/iiba.si\/workshops\/wp-content\/uploads\/2019\/05\/2019-04-17-12.28.59-840x630.jpg 840w, https:\/\/iiba.si\/workshops\/wp-content\/uploads\/2019\/05\/2019-04-17-12.28.59-350x263.jpg 350w, https:\/\/iiba.si\/workshops\/wp-content\/uploads\/2019\/05\/2019-04-17-12.28.59-768x576.jpg 768w, https:\/\/iiba.si\/workshops\/wp-content\/uploads\/2019\/05\/2019-04-17-12.28.59-640x480.jpg 640w\" sizes=\"auto, (max-width: 840px) 100vw, 840px\" \/><\/figure>\n\n\n\n<figure class=\"wp-block-image size-large\"><img loading=\"lazy\" decoding=\"async\" width=\"840\" height=\"630\" data-id=\"1292\" src=\"https:\/\/iiba.si\/workshops\/wp-content\/uploads\/2019\/05\/2019-04-17-13.14.46-840x630.jpg\" alt=\"\" class=\"wp-image-1292\" srcset=\"https:\/\/iiba.si\/workshops\/wp-content\/uploads\/2019\/05\/2019-04-17-13.14.46-840x630.jpg 840w, https:\/\/iiba.si\/workshops\/wp-content\/uploads\/2019\/05\/2019-04-17-13.14.46-350x263.jpg 350w, https:\/\/iiba.si\/workshops\/wp-content\/uploads\/2019\/05\/2019-04-17-13.14.46-768x576.jpg 768w, https:\/\/iiba.si\/workshops\/wp-content\/uploads\/2019\/05\/2019-04-17-13.14.46-640x480.jpg 640w\" sizes=\"auto, (max-width: 840px) 100vw, 840px\" \/><\/figure>\n\n\n\n<figure class=\"wp-block-image size-large\"><img loading=\"lazy\" decoding=\"async\" width=\"840\" height=\"630\" data-id=\"1293\" src=\"https:\/\/iiba.si\/workshops\/wp-content\/uploads\/2019\/05\/2019-04-17-15.33.02-840x630.jpg\" alt=\"\" class=\"wp-image-1293\" srcset=\"https:\/\/iiba.si\/workshops\/wp-content\/uploads\/2019\/05\/2019-04-17-15.33.02-840x630.jpg 840w, https:\/\/iiba.si\/workshops\/wp-content\/uploads\/2019\/05\/2019-04-17-15.33.02-350x263.jpg 350w, https:\/\/iiba.si\/workshops\/wp-content\/uploads\/2019\/05\/2019-04-17-15.33.02-768x576.jpg 768w, https:\/\/iiba.si\/workshops\/wp-content\/uploads\/2019\/05\/2019-04-17-15.33.02-640x480.jpg 640w\" sizes=\"auto, (max-width: 840px) 100vw, 840px\" \/><\/figure>\n<\/figure>\n\n\n\n<h3 class=\"wp-block-heading\" id=\"mce_23\"><strong>Povezane&nbsp;kompetence<\/strong><\/h3>\n\n\n<ul>\n<li>Opazovanje<\/li>\n<li>Definicija person<\/li>\n<li>Modeliranje entitet in podatkov<\/li>\n<li>Modeliranje in na\u010drtovanje procesa<\/li>\n<li>Dekompozicija funkcionalnosti<\/li>\n<li>Uporabni\u0161ke zgodbe (User Stories)<\/li>\n<li>Ocenjevanje<\/li>\n<li>Prototipiranje<\/li>\n<li>Dolo\u010danje obsega re\u0161itev<\/li>\n<li>Prevzemni in ocenjevalni kriteriji<\/li>\n<li>Definicija KPI in spremljava doseganja<\/li>\n<\/ul>\n\n\n<h3 class=\"wp-block-heading\" id=\"predavatelji\"><strong>Predavatelji<\/strong><\/h3>\n\n\n\n<p><strong>Andrej Gu\u0161tin<\/strong>,  kot svetovalec in zunanji sodelavec je \u017ee od leta 2000 aktivno udele\u017een na projektih prenove poslovnih procesov kot strokovni svetovalec s podro\u010dja poslovne analize in upravljanja poslovnih procesov. Strokovno delo usmerja predvsem v re\u0161evanje problemov pri optimizaciji in avtomatizaciji poslovnih procesov ter v analizo in razvoj izdelkov, programskih re\u0161itev ali novih storitev. Na dosedanji poslovni poti je predaval na ve\u010d kot 100 seminarjih in konferencah v Sloveniji in v tujini, redno pa sodeluje tudi kot zunanji sodelavec z Univerzo v Ljubljani in Univerzo na Primorskem.<br><br><strong>Igor Smirnov<\/strong> ima ve\u010d kot 20 let izku\u0161enj z izvajanjem projektov, svetovanjem, u\u010denjem in usposabljanjem na podro\u010dju poslovne analize, podatkovnih znanosti in analize podatkov v telekomunikacijah, ban\u010dnem sektorju, trgovini, industrijski proizvodnji in farmaciji za globalna podjetja, kot so Novartis, Toyota, Pliva, A1, Pernod Ricard med mnogimi drugimi. Prav tako je Igor strokovnjak za re\u0161itve, ki se osredoto\u010dajo na kupce, zlasti v analizi podatkov za podporo programov zvestobe in vpogledov kupcev z uporabo napovedne analize in strojnega u\u010denja. Igorjeva strast je razumevanje mo\u010di podatkov in sprostitev njihovih potencialov v digitalno vodenih podjetjih in industriji 4.0.<\/p>\n\n\n\n<p><strong>Jaka Oman<\/strong> ima ve\u010d kot 10 let izku\u0161enj z razli\u010dnimi pozicijami znotraj marketinga, prodaje, razvoja poslovanja, lansiranja novih storitev ipd. Zadnja leta se ukvarja s poslovnim svetovanjem in je \u017ee 2 leti nosilec certifikata za izvajanje LEGO\u00ae SERIOUS PLAY\u00ae metode pri nas. Je eden prvih in najbolj izku\u0161enih certificiranih LSP fasilitatorjev v Sloveniji in dr\u017eavah biv\u0161e Jugoslavije. V 2 letih je v 4 dr\u017eavah (Slovenija, Hrva\u0161ka, Srbija, Bosna in Hercegovina) izvedel ve\u010d kot 40 delavnic. Med drugim delal za Zavarovalnico Triglav, Triglav Zdravje, Lek, Atlantic Grupo in druge. Z metodo in delavnicami pa podjetjem najbolje svetuje in pomaga pri dvigu produktivnosti, motivacije, komunikacije in strate\u0161kem na\u010drtovanju. <\/p>\n\n\n\n<h3 class=\"wp-block-heading\" id=\"lokacija-in-termin\"><strong>Lokacija in termin<\/strong><\/h3>\n\n\n\n<p>Delavnica traja\u00a0 8 ur, ki jih bomo izvedli <strong>1.4.2026 <\/strong>od 8.30 do 16.30 ure, v sklopu <a href=\"https:\/\/slovenia.iiba.org\/page\/iiba-sola\" data-type=\"URL\" data-id=\"https:\/\/slovenia.iiba.org\/sl\/iiba-sola\" target=\"_blank\" rel=\"noreferrer noopener\">IIBA IIBA \u0161ole<\/a>.<\/p>\n\n\n\n<h3 class=\"wp-block-heading\" id=\"cena\"><strong>Cena<\/strong><\/h3>\n\n\n\n<p>Cena delavnice je 340 \u20ac + DDV <br>Delavnice se lahko po zni\u017eani ceni udele\u017eite tudi v sklopu Naprednega modula (BA tehnike) <a href=\"https:\/\/slovenia.iiba.org\/page\/iiba-sola\" target=\"_blank\" rel=\"noreferrer noopener\">IIBA \u0161ole poslovno analiti\u010dnih pristopov<\/a>.<\/p>\n\n\n\n<h3 class=\"wp-block-heading\" id=\"prijava\"><strong>Prijava<\/strong><\/h3>\n\n\n\n<p>Prijave zbiramo do zapolnitve mest. <\/p>\n\n\n\n<p>Prijavite se lahko preko spletnega obrazca (na desni strani), ali na elektronski naslov: <a href=\"mailto:katarina.veselic@slovenia.iiba.org\">katarina.veselic@slovenia.iiba.org<\/a><\/p>\n\n\n\n<h3 class=\"wp-block-heading\" id=\"ostale-informacije\"><strong>Ostale informacije<\/strong><\/h3>\n\n\n\n<p>Delavnico lahko izvedemo tudi pri vas interno, na primerih va\u0161ih projektov. <\/p>\n\n\n<p><!--EndFragment--><\/p>\n<\/p>","protected":false},"excerpt":{"rendered":"<p>Modeliranje zahtev, problema in re\u0161itev, skozi razli\u010dne perspektive in uporabe tehnik! Poslovno analiti\u010dne tehnike za oblikovanje re\u0161itev II Ve\u010dina razvojnih projektov (tako na podro\u010dju razvoja digitalnih IT re\u0161itev kot tudi namenskih produktov in izdelkov) se sre\u010duje s problemom dolo\u010danja prave potrebe (problema), optimalnega obsega projekta in re\u0161itve. Tu je pomembno obvladovanje samega poslovnega procesa, uporabnikove [&hellip;]<\/p>\n","protected":false},"author":2,"featured_media":0,"parent":2,"menu_order":0,"comment_status":"closed","ping_status":"closed","template":"","meta":{"footnotes":""},"class_list":["post-854","page","type-page","status-publish","hentry"],"_links":{"self":[{"href":"https:\/\/iiba.si\/workshops\/wp-json\/wp\/v2\/pages\/854","targetHints":{"allow":["GET"]}}],"collection":[{"href":"https:\/\/iiba.si\/workshops\/wp-json\/wp\/v2\/pages"}],"about":[{"href":"https:\/\/iiba.si\/workshops\/wp-json\/wp\/v2\/types\/page"}],"author":[{"embeddable":true,"href":"https:\/\/iiba.si\/workshops\/wp-json\/wp\/v2\/users\/2"}],"replies":[{"embeddable":true,"href":"https:\/\/iiba.si\/workshops\/wp-json\/wp\/v2\/comments?post=854"}],"version-history":[{"count":46,"href":"https:\/\/iiba.si\/workshops\/wp-json\/wp\/v2\/pages\/854\/revisions"}],"predecessor-version":[{"id":2599,"href":"https:\/\/iiba.si\/workshops\/wp-json\/wp\/v2\/pages\/854\/revisions\/2599"}],"up":[{"embeddable":true,"href":"https:\/\/iiba.si\/workshops\/wp-json\/wp\/v2\/pages\/2"}],"wp:attachment":[{"href":"https:\/\/iiba.si\/workshops\/wp-json\/wp\/v2\/media?parent=854"}],"curies":[{"name":"wp","href":"https:\/\/api.w.org\/{rel}","templated":true}]}}