{"id":798,"date":"2019-01-29T20:27:31","date_gmt":"2019-01-29T20:27:31","guid":{"rendered":"https:\/\/iiba.si\/workshops\/?page_id=798"},"modified":"2025-10-21T06:16:26","modified_gmt":"2025-10-21T06:16:26","slug":"od-poslovnih-potreb-do-vrednosti","status":"publish","type":"page","link":"https:\/\/iiba.si\/workshops\/vstopna\/od-poslovnih-potreb-do-vrednosti\/","title":{"rendered":"Od poslovnih potreb do vrednosti"},"content":{"rendered":"\n<h2 class=\"wp-block-heading\" id=\"poslovno-analiticne-tehnike-za-poslovne-koristi-i\"><strong>Poslovno analiti\u010dne tehnike za poslovne koristi I<\/strong><\/h2>\n\n\n\n<p>V razmerah stalnih sprememb poslovnega okolja in konkuren\u010dnega tekmovanja so organizacije prisiljene v vse hitrej\u0161e odzive. Management se tako v \u017eelji zagotoviti hitre rezultate odlo\u010da za iniciative, projekte, spremembe. S hitrimi odlo\u010ditvami ni ni\u010d narobe, njihovo prehitro uresni\u010devanje v obliki hitro oblikovanih re\u0161itev pa nemalokrat povzro\u010di, da: uvajamo napa\u010dne re\u0161itve, prihaja med izvedbo do zastojev in sprememb re\u0161itev, na koncu ni dovolj u\u010dinkov. Vsako podjetje ima omejene vire, zato je \u0161e toliko bolj pomembno, da jih pravilno razporedi med \u0161tevilne iniciative in projekte. Kako torej zagotoviti, da razpoznavamo prave probleme in zanje oblikujemo prave re\u0161itve ter zagotovimo pogoje za njihovo hitro izvedbo?<\/p>\n\n\n\n<h3 class=\"wp-block-heading\" id=\"glavni-poudarki-delavnice\"><strong>Glavni&nbsp;poudarki&nbsp;delavnice:<\/strong><\/h3>\n\n\n\n<p>Odgovorili bomo na klju\u010dna vpra\u0161anja, kot npr.:  <\/p>\n\n\n\n<ol class=\"wp-block-list\">\n<li>Ali vlagamo omejene vire podjetja v iniciative, ki jih podjetje zares potrebuje, oziroma jih potrebujejo njihovi kupci?<\/li>\n\n\n\n<li>Ali smo posamezno iniciativo dovolj dobro pripravili, npr. ali res naslavljamo pravi problem, da bomo zanj izbrali pravo re\u0161itev in jo lahko tudi hitro izvedli?<\/li>\n\n\n\n<li>Kak\u0161ne rezultate v obliki poslovnih u\u010dinkov in vrednosti za na\u0161e kupce in druge dele\u017enike na\u010drtujemo in merimo njihovo realizacijo? <\/li>\n<\/ol>\n\n\n\n<h3 class=\"wp-block-heading\" id=\"za_koga\"><strong>Komu je delavnica namenjena?<\/strong><\/h3>\n\n\n\n<ul class=\"wp-block-list\">\n<li>Vsem, ki dajejo iniciative in pobude za projekt in spremembe<\/li>\n\n\n\n<li>Vsem, ki so v postopkih odlo\u010danja potrditve projekta \/ spremembe<\/li>\n\n\n\n<li>Tistim, ki so zadol\u017eeni za pripravo in izvedbo projekta<\/li>\n\n\n\n<li>Projektnim in produktnim vodjem<\/li>\n\n\n\n<li>Poslovnim analitikom <\/li>\n<\/ul>\n\n\n\n<h3 class=\"wp-block-heading\" id=\"kaj_pridobite\"><strong>Zakaj te delavnice zares ne smete zamuditi<\/strong><\/h3>\n\n\n\n<ul class=\"wp-block-list\">\n<li>Nau\u010dili se boste poslovno analiti\u010dnih tehnik za pripravo in razpoznavanje pravih poslovnih iniciativ.<\/li>\n\n\n\n<li>S pridobljenim znanjem in tehnikami boste la\u017eje vzpostavili odgovornost in motiviranost udele\u017eencev projektov.<\/li>\n\n\n\n<li>Projekte boste izvajali hitreje in jih kon\u010dali z ve\u010d poslovnimi u\u010dinki. S tem boste prispevali k ve\u010dji u\u010dinkovitosti in uspe\u0161nosti podjetja. <\/li>\n<\/ul>\n\n\n\n<h3 class=\"wp-block-heading\" id=\"kratek-opis-delavnice-vsebina\"><strong>Kratek opis delavnice (vsebina)<\/strong><\/h3>\n\n\n\n<p>Delavnica obsega tri temeljna vsebinska podro\u010dja, potrebna za dobro pripravo iniciativ, projektov in sprememb.  Prvo podro\u010dje je povezano z razpoznavanjem ozadja iniciative \/ projekta oziroma z vpra\u0161anjem ZAKAJ delamo ta projekt.  Kater problem naslavljamo in katere vrste potreb so povezane z iniciativo ali spremembo. Sledi analizo dele\u017enikov ter njihovih pri\u010dakovanj, interesov oziroma odgovori na vpra\u0161anja KDO vse je povezan z iniciativo oziroma KOMU vse so namenjeni rezultati projekta.  Zaklju\u010dimo s postavljanjem tri-nivojskih ciljev in pri\u010dakovanih poslovnih u\u010dinkov ter vrednosti za kupce, kar je povezano z vpra\u0161anjem \u010cEMU to pripravljamo \/ izvajamo.<\/p>\n\n\n\n<h3 class=\"wp-block-heading\" id=\"metode-dela-potek-dela\"><strong>Metode dela (potek dela)<\/strong><\/h3>\n\n\n\n<p>Delavnico izvajamo v skladu z osnovnim IIBA(International Institute of Business Analysis) poslovno analiti\u010dnim modelom BACCM (The Business Analysis Core Concept Model\u2122). <br>Delavnica vsebuje tri sklope vaj povezane s prvimi tremi temeljnimi elementi tega modela: potrebe, dele\u017eniki, cilji\/vrednost. <br>Pred vsakim sklopom podamo vsebinsko podlago, razlo\u017eimo tehnike in orodja, ki se bodo uporabila v vsaki vaji, in vajo izvedemo. Delo poteka v skupinah. Skupina si lahko izbere svoj primer projekta iz svojega poslovnega okolja. Rezultati delavnice so tako takoj uporabljivi v va\u0161em poslovanju.<br> Rezultati delavnice so lahko tudi podlaga za Poslovno analiti\u010dne tehnike II del.<\/p>\n\n\n\n<h3 class=\"wp-block-heading\" id=\"predavatelj\"><strong>Predavatelj<\/strong><\/h3>\n\n\n\n<p>Ale\u0161 \u0160tempihar je za\u010detnik IIBA poslovno analiti\u010dnih pristopov v Sloveniji v letu 2007. Za seboj ima ve\u010d kot 100 razli\u010dnih iniciativ, sprememb in projektov v obdobju pred tem in po tem. Tako vam tudi iz \u0161tevilnih lastnih primerov nazorno predstavi razliko v uspe\u0161nosti iniciativ in projektov, \u010de se le-teh lotimo v skladu z modelom BACCM in predstavljenimi tehnikami.<\/p>\n\n\n\n<h3 class=\"wp-block-heading\" id=\"lokacija-in-termin\"><strong>Lokacija in termin<\/strong><\/h3>\n\n\n\n<p>Delavnica traja&nbsp; 8 ur, ki jih bomo izvedli <strong>31.3.2026, med 9:30 in 16:30<\/strong>.<\/p>\n\n\n\n<h3 class=\"wp-block-heading\" id=\"cena\"><strong>Cena<\/strong><\/h3>\n\n\n\n<p>Cena delavnice je 340 \u20ac + DDV<br>Delavnice se lahko po zni\u017eani ceni udele\u017eite tudi v sklopu Naprednega modula (BA tehnike) <a href=\"https:\/\/slovenia.iiba.org\/page\/iiba-sola\" target=\"_blank\" rel=\"noreferrer noopener\">IIBA \u0161ole poslovno analiti\u010dnih pristopov<\/a>.<\/p>\n\n\n\n<h3 class=\"wp-block-heading\" id=\"prijava\"><strong>Prijava<\/strong><\/h3>\n\n\n\n<p>Prijave zbiramo do 1.3. 2026 oziroma do zapolnitve mest.<\/p>\n\n\n\n<p>Prijavite se lahko preko spletnega obrazca (na desni strani), ali na elektronski naslov: <a href=\"mailto:katarina.veselic@slovenia.iiba.org\">katarina.veselic@slovenia.iiba.org<\/a><\/p>\n\n\n\n<h3 class=\"wp-block-heading\" id=\"ostale-informacije\"><strong>Ostale informacije<\/strong><\/h3>\n\n\n\n<p>Delavnico lahko izvedemo tudi pri vas interno, na primerih va\u0161ih projektov. <\/p>\n","protected":false},"excerpt":{"rendered":"<p>Poslovno analiti\u010dne tehnike za poslovne koristi I V razmerah stalnih sprememb poslovnega okolja in konkuren\u010dnega tekmovanja so organizacije prisiljene v vse hitrej\u0161e odzive. Management se tako v \u017eelji zagotoviti hitre rezultate odlo\u010da za iniciative, projekte, spremembe. S hitrimi odlo\u010ditvami ni ni\u010d narobe, njihovo prehitro uresni\u010devanje v obliki hitro oblikovanih re\u0161itev pa nemalokrat povzro\u010di, da: uvajamo [&hellip;]<\/p>\n","protected":false},"author":2,"featured_media":0,"parent":2,"menu_order":0,"comment_status":"closed","ping_status":"closed","template":"","meta":{"footnotes":""},"class_list":["post-798","page","type-page","status-publish","hentry"],"_links":{"self":[{"href":"https:\/\/iiba.si\/workshops\/wp-json\/wp\/v2\/pages\/798","targetHints":{"allow":["GET"]}}],"collection":[{"href":"https:\/\/iiba.si\/workshops\/wp-json\/wp\/v2\/pages"}],"about":[{"href":"https:\/\/iiba.si\/workshops\/wp-json\/wp\/v2\/types\/page"}],"author":[{"embeddable":true,"href":"https:\/\/iiba.si\/workshops\/wp-json\/wp\/v2\/users\/2"}],"replies":[{"embeddable":true,"href":"https:\/\/iiba.si\/workshops\/wp-json\/wp\/v2\/comments?post=798"}],"version-history":[{"count":30,"href":"https:\/\/iiba.si\/workshops\/wp-json\/wp\/v2\/pages\/798\/revisions"}],"predecessor-version":[{"id":2597,"href":"https:\/\/iiba.si\/workshops\/wp-json\/wp\/v2\/pages\/798\/revisions\/2597"}],"up":[{"embeddable":true,"href":"https:\/\/iiba.si\/workshops\/wp-json\/wp\/v2\/pages\/2"}],"wp:attachment":[{"href":"https:\/\/iiba.si\/workshops\/wp-json\/wp\/v2\/media?parent=798"}],"curies":[{"name":"wp","href":"https:\/\/api.w.org\/{rel}","templated":true}]}}