{"id":37,"date":"2018-08-20T22:18:39","date_gmt":"2018-08-20T22:18:39","guid":{"rendered":"https:\/\/iiba.si\/workshops\/?page_id=37"},"modified":"2025-10-20T14:17:54","modified_gmt":"2025-10-20T14:17:54","slug":"kako-pripraviti-uspesen-it-digitalni-projekt","status":"publish","type":"page","link":"https:\/\/iiba.si\/workshops\/vstopna\/kako-pripraviti-uspesen-it-digitalni-projekt\/","title":{"rendered":"Priprava uspe\u0161nega digitalnega projekta"},"content":{"rendered":"<h2><strong>Kako zagotoviti ve\u010d koristi in hitrej\u0161o izvedbo projekta hkrati?<\/strong><\/h2>\n<p>\u017de klasi\u010dni IT projekti so dokazano med najbolj zahtevnimi, DIGITALNI projekti pa so \u0161e te\u017eji in kompleksnej\u0161i. Imajo namre\u010d druga\u010dno izhodi\u0161\u010de (pogled do zunaj na noter), vklju\u010devati morajo potrebe kon\u010dnih kupcev, nove tehnologije, nove stare (IT) ponudnike, potreben je \u0161e mo\u010dnej\u0161i anga\u017ema notranjih poslovnih nosilcev, predvsem pa pri\u010dakovanja kon\u010dnih u\u010dinkov in vrednosti so \u0161e ve\u010dja. Kako vse to obvladovati, da bodo zadovoljni vsi dele\u017eniki in da bo projekt poleg tega \u0161e pravo\u010dasno izveden, saj so roki (time to market) prav tako vse kraj\u0161i.<\/p>\n<h3 id=\"za_koga\"><strong>Komu je delavnica namenjena?<\/strong><\/h3>\n<ul>\n<li>Vodjem digitalnega poslovanja in vodjem IT<\/li>\n<li>Projektnim vodjem zadol\u017eenim za digitalne ali IT projekte<\/li>\n<li>Poslovnim nosilcem, ki so prejemniki rezultatov digitalnih projektov<\/li>\n<li>Poslovnim analitikom, ki sodelujejo v digitalnih in IT projektih<\/li>\n<li>Ponudnikom digitalnih in IT re\u0161itev<\/li>\n<\/ul>\n<h3 id=\"kaj_pridobite\"><strong>Zakaj te delavnice zares ne smete zamuditi:<\/strong><\/h3>\n<ul>\n<li>Ker je preventiva bolj\u0161a kot kurativa, predvsem pa manj stane.<\/li>\n<li>Ker \u017eelite ustvariti pogoje za maksimiziranje poslovnih u\u010dinkov projektov in vrednosti za va\u0161e kupce.<\/li>\n<li>Ker se \u017eelite izogniti te\u017eavam med izvedbo projekta, dodatnim obremenitvam udele\u017eencev in zamudam.<\/li>\n<\/ul>\n<h3><strong>Kratek opis delavnice (vsebina):<\/strong><\/h3>\n<p>Najprej bomo postavili temelje razumevanja digitalnega poslovanja in uspe\u0161nega projektnega dela (klasi\u010dnih in agilnih metodologij) ter ju povezali. Temelje bomo nadgradili z modeli in tehnikami, ki so pomembne za dobro pripravo digitalnih projektov (BACCM, Design Thinking, Digitalni Projektni Canvas, Value management). Nadaljevali bomo s pregledom vloge, zadol\u017eitev in odgovornosti naro\u010dnika in ponudnikov digitalnih re\u0161itev s ciljem izbolj\u0161ati njihovo sodelovanje. Sledili bodo napotki izvedbe digitalnih projektov in za zaklju\u010dek \u0161e, kako preveriti dose\u017eene vrednosti in poslovne u\u010dinke, ki smo jih pred tem definirali v poslovnem primeru (business case) digitalnih projektov.<\/p>\n<h3><strong>Metode dela (potek dela):<\/strong><\/h3>\n<p>Delo bo potekalo v interaktivni razpravi na podlagi izhodi\u0161\u010d predavatelja, njegovih izku\u0161enj iz digitalnih in klasi\u010dnih IT projektov. Udele\u017eenci bodo lahko pri tem ali na koncu izpostavili svoje izku\u0161nje, konkretne primere in izzive ter za njih dobili konkretne napotke, kako jih obvladovati. Na podlagi posredovanih vzorcev dokumentov uspe\u0161ne priprave in izvedbe projekta, pa bomo izvedli tudi nekaj vaj.<\/p>\n<h3><strong>Povezane kompetence<\/strong><\/h3>\n<ul>\n<li>Videti \u0161ir\u0161o sliko<\/li>\n<li>Znati predvideti in prepre\u010diti nastanek problemov<\/li>\n<li>Kako bolje sodelovati kljub razli\u010dnimi izhodi\u0161\u010di in motivi razumeti potrebe kupcev<\/li>\n<li>Projektno delo (klasi\u010dno in agilno)<\/li>\n<\/ul>\n<h3><strong>Predavatelj<\/strong><\/h3>\n<p><strong>Ale\u0161 \u0160tempihar<\/strong>, predsednik IIBA Slovenija, team leader pri Digital42, digitalni strateg, skrbnik priprave digitalnih programov in izvedbe digitalnih projektov.<br \/>\nAle\u0161 kot digitalni strateg pomaga podjetjem pri pripravi digitalne strategije in roadmap-a njene izvedbe, katere osrednje mesto predstavljajo prav digitalni projekti. Prav tako ima ve\u010d kot 20 let poslovnih in projektnih izku\u0161enj na podro\u010djih prenove strategij, izvajanja sprememb poslovanja, poslovnega analiziranja, vodenja klju\u010dnih projektov preobrazbe organizacij, skrbnika izvedbe digitalnih in IT projektov.<\/p>\n<h3><strong>Lokacija in termin<\/strong><\/h3>\n<p>Delavnica traja\u00a0 6 \u0161olskih ur in jo lahko izvedemo v \u017eivo ali virtualno.<\/p>\n<h3><strong>Cena<\/strong><\/h3>\n<p>290 EUR + 22% DDV s pla\u010dilom najkasneje dan pred za\u010detkom delavnice (velja za odprto izvedbo).<\/p>\n<h3><strong>Prijava<\/strong><\/h3>\n<p>Prijavite se lahko preko prijavnega obrazca na desni strani, ali na elektronski naslov: <a href=\"mailto:katarina.veselic@slovenia.iiba.org\">katarina.veselic@slovenia.iiba.org<\/a>.<\/p>\n<h3><strong>Ostale informacije<\/strong><\/h3>\n<p>Delavnico lahko izvedemo tudi pri vas interno s celotnim va\u0161im timom, na primeru va\u0161ega projekta. Pregledamo lahko tudi va\u0161e \u017ee izdelane dokumente in podamo drugo mnenje. Lahko pa vam jih pomagamo izdelati po na\u010delu \u00bbu\u010denje z delom\u00ab, tako naro\u010dnikom, kot izvajalcem, ali pa obema skupaj.<\/p>\n","protected":false},"excerpt":{"rendered":"<p>Kako zagotoviti ve\u010d koristi in hitrej\u0161o izvedbo projekta hkrati? \u017de klasi\u010dni IT projekti so dokazano med najbolj zahtevnimi, DIGITALNI projekti pa so \u0161e te\u017eji in kompleksnej\u0161i. Imajo namre\u010d druga\u010dno izhodi\u0161\u010de (pogled do zunaj na noter), vklju\u010devati morajo potrebe kon\u010dnih kupcev, nove tehnologije, nove stare (IT) ponudnike, potreben je \u0161e mo\u010dnej\u0161i anga\u017ema notranjih poslovnih nosilcev, predvsem [&hellip;]<\/p>\n","protected":false},"author":1,"featured_media":0,"parent":2,"menu_order":2,"comment_status":"closed","ping_status":"closed","template":"","meta":{"footnotes":""},"class_list":["post-37","page","type-page","status-publish","hentry"],"_links":{"self":[{"href":"https:\/\/iiba.si\/workshops\/wp-json\/wp\/v2\/pages\/37","targetHints":{"allow":["GET"]}}],"collection":[{"href":"https:\/\/iiba.si\/workshops\/wp-json\/wp\/v2\/pages"}],"about":[{"href":"https:\/\/iiba.si\/workshops\/wp-json\/wp\/v2\/types\/page"}],"author":[{"embeddable":true,"href":"https:\/\/iiba.si\/workshops\/wp-json\/wp\/v2\/users\/1"}],"replies":[{"embeddable":true,"href":"https:\/\/iiba.si\/workshops\/wp-json\/wp\/v2\/comments?post=37"}],"version-history":[{"count":56,"href":"https:\/\/iiba.si\/workshops\/wp-json\/wp\/v2\/pages\/37\/revisions"}],"predecessor-version":[{"id":2608,"href":"https:\/\/iiba.si\/workshops\/wp-json\/wp\/v2\/pages\/37\/revisions\/2608"}],"up":[{"embeddable":true,"href":"https:\/\/iiba.si\/workshops\/wp-json\/wp\/v2\/pages\/2"}],"wp:attachment":[{"href":"https:\/\/iiba.si\/workshops\/wp-json\/wp\/v2\/media?parent=37"}],"curies":[{"name":"wp","href":"https:\/\/api.w.org\/{rel}","templated":true}]}}