{"id":35,"date":"2018-08-20T22:17:04","date_gmt":"2018-08-20T22:17:04","guid":{"rendered":"https:\/\/iiba.si\/workshops\/?page_id=35"},"modified":"2025-10-20T14:18:38","modified_gmt":"2025-10-20T14:18:38","slug":"kako-prepoznati-dobrega-it-digital-ponudnika","status":"publish","type":"page","link":"https:\/\/iiba.si\/workshops\/vstopna\/kako-prepoznati-dobrega-it-digital-ponudnika\/","title":{"rendered":"Kako prepoznati dobrega digital (IT) ponudnika"},"content":{"rendered":"<h2><em><strong>Va\u0161a investicija v projekt zahteva jasno odgovornost njegove izvedbe!<\/strong><\/em><\/h2>\n<p>Ne glede ali se lotevate novej\u0161ih digitalnih ali tradicionalnih (IT)\u00a0 projektov, so si izzivi njihove uspe\u0161ne izvedbe zelo podobni. Preudarna podjetja se seveda najprej vpra\u0161ajo, ali sploh morajo investirati v digitalne ali lahko ostanejo pri klasi\u010dnih IT projektih. Razgledana podjetja vedo, da sodijo digitalni (IT) projekti med najbolj zahtevne in tvegane. \u010cetudi ste eno od teh preudarnih in razgledanih podjetij, lahko \u0161e vedno naletite na nepredvidljive situacije. Ena od pogostih je \u00bbspoznanje\u00ab, da ste izbrali za va\u0161 projekt napa\u010dnega digital (IT) izvajalca. Pa pri tem ni nujno, da je z njim kaj narobe ali da je celo kaj narobe z vami. Pogosto je te\u017eava samo v tem, da ne znata poiskati skupne osnove in\u00a0 motive za povezavo dveh sicer razli\u010dnih izhodi\u0161\u010d in percepcij. Seveda pa boste lahko tudi zares naleteli na napa\u010dnega IT ponudnika. Nedvomno se obojemu \u017eelite izogniti, saj bi vam to lahko povzro\u010dilo veliko ve\u010djo izgubo \u010dasa in denarja, kot za pridobitev potrebnega znanja.<\/p>\n<h3 id=\"za_koga\"><strong>Komu je delavnica namenjena?<\/strong><\/h3>\n<ul>\n<li>Poslovnim nosilcem podro\u010dij, kjer bo potekal\u00a0digital\/IT projekt<\/li>\n<li>Odlo\u010devalcem o investicijah v digital\/IT projekte<\/li>\n<li>Digitalnim vodjem in vodjem IT<\/li>\n<li>Projektnim vodjem zadol\u017eenim za digital\/IT projekte<\/li>\n<li>Poslovnim analitikom, ki sodelujejo v digital\/IT projektih<\/li>\n<\/ul>\n<h3 id=\"kaj_pridobite\"><strong>Zakaj te delavnice zares ne smete zamuditi<\/strong><\/h3>\n<ul>\n<li>Ker \u017eelite zmanj\u0161ati tveganja povezana z realizacijo \u010dim vi\u0161je donosnostjo va\u0161e investicije.<\/li>\n<li>Ker boste pridobili vzorec za ocenjevanje digital (IT) ponudnikov.<\/li>\n<li>Ker si prav gotovo \u017eelite izbrati pravega digital (IT) izvajalca, s katerim boste imeli \u010dim manj konfliktnih situacij in \u010dim bolj\u0161e kon\u010dne rezultate projekta.<\/li>\n<li>Ker \u017eelite med izvedbo vi nadzorovati situacijo in ne va\u0161 IT izvajalec ter tako prepre\u010diti zvonjenje po to\u010di.<\/li>\n<\/ul>\n<h3><strong>Kratek opis delavnice (vsebina)<\/strong><\/h3>\n<p>Najprej si bomo pogledali temeljne razlike med klasi\u010dnimi in digital projekti ter kaj te pomenijo za odlo\u010danje o investiciji vanje, za pripravo podjetja na njihovo izvedbo in za izbor digital\/IT izvajalca. Opremili se bomo s podlagami, z znanji in metodami ter orodji za prepoznavanje in ocenjevanje dobrih ponudnikov.\u00a0 Sledili bodo napotki in metode za oblikovanje skupnih izhodi\u0161\u010d projekta, za razdelitev odgovornosti in za izvajanje ter nadzor projekta, ne glede na to ali va\u0161e projekte izvajate na klasi\u010dni ali agilni na\u010din. Sklenili bomo z navodili, kako preveriti uspe\u0161nost projekta po njegovem zaklju\u010dku in kako na koncu potrditi, da smo zares izbrali pravega izvajalca.<\/p>\n<h3><strong>Metode dela (potek dela)<\/strong><\/h3>\n<p>Interaktivno predavanje z elementi delavnice bo potekalo v 3 delih:<\/p>\n<ul>\n<li>Vse potrebno za razumevanje (dostikrat skritih) situacij in pridobivanje znanja za njihovo obvladovanje.<\/li>\n<li>Nato boste dobili tabelo kriterije za ocenjevanje IT ponudnikov.<\/li>\n<li>Seveda pa bomo, \u010de boste to \u017eeleli, prisluhnili tudi va\u0161emu primeru in\/ali izzivu ter vam zanj podali re\u0161itev.<\/li>\n<\/ul>\n<h3><strong>Povezane kompetence<\/strong><\/h3>\n<ul>\n<li>Videti \u0161ir\u0161o sliko<\/li>\n<li>Razumevanje stali\u0161\u010d drugih (empatija)<\/li>\n<\/ul>\n<h3><strong>Predavatelj<\/strong><\/h3>\n<p>Ale\u0161 \u0160tempihar je bil 15 let zaposlene pri enem od slovenskih IT ponudnikov v prakti\u010dno vseh poslovnih vlogah in zelo dobro razume filozofijo delovanja klasi\u010dnega IT ponudnika. Sedaj je \u017ee ve\u010d kot 10 let svetovalec vodstvom podjetij pri poslovni pripravi projektov in skrbnik ter mentor projektnim vodjem. V\u010dasih je tudi poslovni in projektni presojevalec IT projektov in re\u0161itev. V zadnjih 3 letih se, kot vodja tima Digital42, osredoto\u010da na posebnosti digitalnih projektov in ustrezno pripravo nanje.<\/p>\n<h3><strong>Lokacija in termin<\/strong><\/h3>\n<p>Delavnica traja\u00a0 4 \u0161olske ure in jo lahko izvedemo v \u017eivo ali virtualno.<\/p>\n<h3><strong>Cena<\/strong><\/h3>\n<p>190 EUR + 22% DDV s pla\u010dilom najkasneje dan pred za\u010detkom delavnice (velja za odprto izvedbo).<\/p>\n<h3><strong>Prijava<\/strong><\/h3>\n<p>Prijavite se lahko preko prijavnega obrazca na desni strani, ali na elektronski naslov: <a href=\"mailto:katarina.veselic@slovenia.iiba.org\">katarina.veselic@slovenia.iiba.org<\/a><\/p>\n<h3><strong>Ostale informacije<\/strong><\/h3>\n<p>Delavnico lahko izvedemo tudi pri vas interno, na primeru va\u0161ega projekta. Morda ste v finalnem izboru ali pa se \u017eelite dodatno pogodbeno zavarovati (opravimo tudi pregled pogodb in njihovo dopolnitev).<\/p>\n","protected":false},"excerpt":{"rendered":"<p>Va\u0161a investicija v projekt zahteva jasno odgovornost njegove izvedbe! Ne glede ali se lotevate novej\u0161ih digitalnih ali tradicionalnih (IT)\u00a0 projektov, so si izzivi njihove uspe\u0161ne izvedbe zelo podobni. Preudarna podjetja se seveda najprej vpra\u0161ajo, ali sploh morajo investirati v digitalne ali lahko ostanejo pri klasi\u010dnih IT projektih. Razgledana podjetja vedo, da sodijo digitalni (IT) projekti [&hellip;]<\/p>\n","protected":false},"author":1,"featured_media":0,"parent":2,"menu_order":1,"comment_status":"closed","ping_status":"closed","template":"","meta":{"footnotes":""},"class_list":["post-35","page","type-page","status-publish","hentry"],"_links":{"self":[{"href":"https:\/\/iiba.si\/workshops\/wp-json\/wp\/v2\/pages\/35","targetHints":{"allow":["GET"]}}],"collection":[{"href":"https:\/\/iiba.si\/workshops\/wp-json\/wp\/v2\/pages"}],"about":[{"href":"https:\/\/iiba.si\/workshops\/wp-json\/wp\/v2\/types\/page"}],"author":[{"embeddable":true,"href":"https:\/\/iiba.si\/workshops\/wp-json\/wp\/v2\/users\/1"}],"replies":[{"embeddable":true,"href":"https:\/\/iiba.si\/workshops\/wp-json\/wp\/v2\/comments?post=35"}],"version-history":[{"count":34,"href":"https:\/\/iiba.si\/workshops\/wp-json\/wp\/v2\/pages\/35\/revisions"}],"predecessor-version":[{"id":2609,"href":"https:\/\/iiba.si\/workshops\/wp-json\/wp\/v2\/pages\/35\/revisions\/2609"}],"up":[{"embeddable":true,"href":"https:\/\/iiba.si\/workshops\/wp-json\/wp\/v2\/pages\/2"}],"wp:attachment":[{"href":"https:\/\/iiba.si\/workshops\/wp-json\/wp\/v2\/media?parent=35"}],"curies":[{"name":"wp","href":"https:\/\/api.w.org\/{rel}","templated":true}]}}