{"id":2198,"date":"2021-05-12T11:05:56","date_gmt":"2021-05-12T11:05:56","guid":{"rendered":"https:\/\/iiba.si\/workshops\/?page_id=2198"},"modified":"2025-10-20T14:23:27","modified_gmt":"2025-10-20T14:23:27","slug":"industrija-4-0-za-storitvene-dejavnosti","status":"publish","type":"page","link":"https:\/\/iiba.si\/workshops\/industrija-4-0-za-storitvene-dejavnosti\/","title":{"rendered":"Industrija 4.0 za storitvene dejavnosti"},"content":{"rendered":"\n<h2 class=\"wp-block-heading\" id=\"block-1746b385-bac1-42fa-9bf4-20879547de95\">Kako izbolj\u0161ati lojalnost, zaupanje in izku\u0161njo kupcev z digitalnimi tehnologijami<\/h2>\n\n\n\n<p>Zadnja industrijska revolucija je v proizvodnji pomenila velik napredek z vpeljavo digitalne povezljivosti strojev, strojnega u\u010denja in robotizacijo, kar lahko enakovredno izkoristijo tudi organizacije in podjetja, ki so prete\u017eno storitvena. Predvsem na dveh podro\u010djih, ki sta klju\u010dni za ustvarjanje dodane vrednosti poslovanja: optimizacija poslovnih procesov ter stik s kupi, ki se v svojem \u017eivljenju pospe\u0161eno digitalizirajo. Ujemite digitalni korak in spoznajte mo\u017enosti uporabe digitalnih tehnologij na osnovni Industrije 4.0 v storitvenih panogah.<\/p>\n\n\n\n<h3 class=\"wp-block-heading\" id=\"za_koga\"><strong>Komu je delavnica namenjena?<\/strong><\/h3>\n\n\n\n<ul class=\"wp-block-list\">\n<li>Vsem, ki i\u0161\u010dejo nove mo\u017enosti bolj\u0161e interakcije svoje blagovne znamke s kupci<\/li>\n\n\n\n<li>Vsem, ki \u017eelijo z digitalnimi tehnologijami podpreti proces prodaje in izvedbe storitev<\/li>\n\n\n\n<li>Projektnim in produktnim vodjem<\/li>\n\n\n\n<li>Poslovnim analitikom v storitvenih B2C dejavnostih<\/li>\n<\/ul>\n\n\n\n<h3 class=\"wp-block-heading\" id=\"kaj_pridobite\"><strong>Zakaj te delavnice zares ne smete zamuditi<\/strong><\/h3>\n\n\n\n<ul class=\"wp-block-list\">\n<li>Spoznali boste izvedljive na\u010dine uporabe digitalnih tehnologij v storitvenih dejavnostih, kjer so dose\u017eki Industrije 4.0 prav tako uporabni kot v proizvodnih podjetij.<\/li>\n\n\n\n<li>Odkrili boste nove prilo\u017enosti stika s kupci, na katere s tradicionalnimi pristopi ni bilo mo\u017enost vplivati.<\/li>\n\n\n\n<li>S spoznanimi digitalnimi iniciativami boste kvalitetneje sodelovali pri pripravi poslovne strategije va\u0161ega podjetja<\/li>\n<\/ul>\n\n\n\n<h3 class=\"wp-block-heading\"><strong>Kratek opis delavnice (vsebina)<\/strong><\/h3>\n\n\n\n<p>Delavnica obsega tri vsebinske module, potrebne za razumevanje digitalnih tehnologij pri izvedbi storitev in v prodaji. Prvi modul je uvod v spoznavanje s tehnologijami Industrije 4.0, kaj je njihova glavna korist za storitve. Drugi modul nas popelje v digitalno oplemenitene izku\u0161nje kupca, nevarnosti in prilo\u017enosti pri vzpostavljanju digitalnega stika s strankami. Tretji modul je namenjen novim digitalnim poslovnim modelom, ki jih Industrija 4.0 omogo\u010da v storitveni dejavnosti. \u010cetrti modul je prakti\u010dna delavnica kreativnega koncipiranja nove digitalne iniciative v storitvah, kjer bodo udele\u017eenci spoznali glavne elemente izhodi\u0161\u010d digitalne transformacije prete\u017eno storitvenih podjetij.<\/p>\n\n\n\n<h3 class=\"wp-block-heading\"><strong>Metode dela (potek dela)<\/strong><\/h3>\n\n\n\n<p>Delavnica vsebuje tri module usmerjenega spoznavanja mo\u017enosti uporabe digitalnih tehnologij Industrije 4.0 v storitvah. \u010cetrti modul je prakti\u010dna delavnica, na kateri sodeluje vsak udele\u017eenec individualno. Ob zaklju\u010dku dobi vsak udele\u017eenec povratno informacijo s klju\u010dnimi dopolnitvami predstavljene digitalne iniciative Industrije 4.0 za izbrano storitveno dejavnost.<\/p>\n\n\n\n<h3 class=\"wp-block-heading\" id=\"mce_23\"><strong>Glavni poudarki delavnice<\/strong><\/h3>\n\n\n<ul>\n<li>Kaj je industrija 4.0 in njene glavne prednosti<\/li>\n<li>Uporabnost digitalnih tehnologij Industrije 4.0 v storitvenih panogah<\/li>\n<li>Predstavitev delovanja logike, senzorjev in aktuatorjev<\/li>\n<li>Prakti\u010dna kreativna vaja \u2013 z digitalnimi tehnologijami do bolj\u0161e izku\u0161nje kupca<\/li>\n<\/ul>\n\n\n<h3 class=\"wp-block-heading\"><strong>Predavatelj<\/strong><\/h3>\n\n\n\n<p><strong>Primo\u017e Frelih<\/strong> je specialist za digitalizacijo poslovanja, ki storitvenim in proizvodnim podjetjem pomaga pri doseganju trajnej\u0161e konkuren\u010dnosti. Sodeluje je pri projektih digitalne transformacije: uvedba pametne tovarne, MES, digitalnih poslovnih modelov, pametnih produktov, inovativni stik s kupci (spletni vmesniki, CRM, BI) in digitalne re\u0161itve po meri. Kreativnost ekip v podjetjih zna spodbuditi z interaktivnimi delavnicami, prototipiranjem pametnih izdelkov ter novih poslovnih procesov.<\/p>\n\n\n\n<h3 class=\"wp-block-heading\"><strong>Lokacija in termin<\/strong><\/h3>\n\n\n\n<p>Delavnica traja 4 \u0161olske ure in jo lahko izvedemo v \u017eivo ali virtualno.<\/p>\n\n\n\n<h3 class=\"wp-block-heading\"><strong>Cena<\/strong><\/h3>\n\n\n\n<p>Cena delavnice je 350 \u20ac + DDV\/osebo (velja za odprto izvedbo).<\/p>\n\n\n\n<h3 class=\"wp-block-heading\"><strong>Prijava<\/strong><\/h3>\n\n\n\n<p>Prijavite se lahko preko spletnega obrazca (na desni strani), ali na elektronski naslov: <a href=\"mailto:katarina.veselic@slovenia.iiba.org\">katarina.veselic@slovenia.iiba.org<\/a><\/p>\n\n\n\n<h3 class=\"wp-block-heading\"><strong>Ostale informacije<\/strong><\/h3>\n\n\n\n<p>Delavnico lahko izvedemo tudi pri vas interno, na primerih va\u0161ih projektov. <\/p>\n\n\n<p><!--EndFragment--><\/p>\n<\/p>","protected":false},"excerpt":{"rendered":"<p>Kako izbolj\u0161ati lojalnost, zaupanje in izku\u0161njo kupcev z digitalnimi tehnologijami Zadnja industrijska revolucija je v proizvodnji pomenila velik napredek z vpeljavo digitalne povezljivosti strojev, strojnega u\u010denja in robotizacijo, kar lahko enakovredno izkoristijo tudi organizacije in podjetja, ki so prete\u017eno storitvena. Predvsem na dveh podro\u010djih, ki sta klju\u010dni za ustvarjanje dodane vrednosti poslovanja: optimizacija poslovnih procesov [&hellip;]<\/p>\n","protected":false},"author":2,"featured_media":0,"parent":0,"menu_order":0,"comment_status":"closed","ping_status":"closed","template":"","meta":{"footnotes":""},"class_list":["post-2198","page","type-page","status-publish","hentry"],"_links":{"self":[{"href":"https:\/\/iiba.si\/workshops\/wp-json\/wp\/v2\/pages\/2198","targetHints":{"allow":["GET"]}}],"collection":[{"href":"https:\/\/iiba.si\/workshops\/wp-json\/wp\/v2\/pages"}],"about":[{"href":"https:\/\/iiba.si\/workshops\/wp-json\/wp\/v2\/types\/page"}],"author":[{"embeddable":true,"href":"https:\/\/iiba.si\/workshops\/wp-json\/wp\/v2\/users\/2"}],"replies":[{"embeddable":true,"href":"https:\/\/iiba.si\/workshops\/wp-json\/wp\/v2\/comments?post=2198"}],"version-history":[{"count":14,"href":"https:\/\/iiba.si\/workshops\/wp-json\/wp\/v2\/pages\/2198\/revisions"}],"predecessor-version":[{"id":2617,"href":"https:\/\/iiba.si\/workshops\/wp-json\/wp\/v2\/pages\/2198\/revisions\/2617"}],"wp:attachment":[{"href":"https:\/\/iiba.si\/workshops\/wp-json\/wp\/v2\/media?parent=2198"}],"curies":[{"name":"wp","href":"https:\/\/api.w.org\/{rel}","templated":true}]}}